{"id":2,"date":"2020-06-22T10:25:18","date_gmt":"2020-06-22T08:25:18","guid":{"rendered":"http:\/\/guez.org\/davidguez\/?page_id=2"},"modified":"2026-01-11T21:36:31","modified_gmt":"2026-01-11T20:36:31","slug":"accueil","status":"publish","type":"page","link":"http:\/\/guez.org\/davidguez\/","title":{"rendered":"Accueil"},"content":{"rendered":"<p>[et_pb_section fb_built=\u00a0\u00bb1&Prime; _builder_version=\u00a0\u00bb3.22&Prime; min_height=\u00a0\u00bb98px\u00a0\u00bb][et_pb_row _builder_version=\u00a0\u00bb3.25&Prime; background_size=\u00a0\u00bbinitial\u00a0\u00bb background_position=\u00a0\u00bbtop_left\u00a0\u00bb background_repeat=\u00a0\u00bbrepeat\u00a0\u00bb min_height=\u00a0\u00bb1441.7px\u00a0\u00bb custom_margin=\u00a0\u00bb-46px|auto||auto||\u00a0\u00bb][et_pb_column type=\u00a0\u00bb4_4&Prime; _builder_version=\u00a0\u00bb3.25&Prime; custom_padding=\u00a0\u00bb|||\u00a0\u00bb custom_padding__hover=\u00a0\u00bb|||\u00a0\u00bb][et_pb_text admin_label=\u00a0\u00bbTexte\u00a0\u00bb _builder_version=\u00a0\u00bb4.0.11&Prime; background_size=\u00a0\u00bbinitial\u00a0\u00bb background_position=\u00a0\u00bbtop_left\u00a0\u00bb background_repeat=\u00a0\u00bbrepeat\u00a0\u00bb hover_enabled=\u00a0\u00bb0&Prime;]<\/p>\n<h2 style=\"text-align: center;\"><strong>Pr\u00e9sentation<\/strong><\/h2>\n<h6 style=\"text-align: center;\"><strong><a href=\"https:\/\/www.guez.org\/bio\/bio-guez-fr-2024.pdf\" target=\"_blank\" rel=\"noopener\">pdf fr<\/a> &#8211; <a href=\"https:\/\/www.guez.org\/bio\/bio-guez-en-2024.pdf\" target=\"_blank\" rel=\"noopener\">pdf en<\/a><\/strong><a href=\"https:\/\/www.instagram.com\/davidguez2067\/\" target=\"_blank\" rel=\"noopener\"><img loading=\"lazy\" class=\"wp-image-776 aligncenter\" src=\"http:\/\/guez.org\/davidguez\/wp-content\/uploads\/2024\/01\/insta-300x298.jpg\" alt=\"\" width=\"44\" height=\"43\" \/><\/a><a href=\"http:\/\/www.linkedin.com\/in\/david-guez-33083b2a6\" target=\"_blank\" rel=\"noopener\"><img loading=\"lazy\" class=\"aligncenter wp-image-777 size-full\" src=\"http:\/\/guez.org\/davidguez\/wp-content\/uploads\/2024\/01\/logo-linkedin-icon-1536-3964382085-e1706686165931.png\" alt=\"\" width=\"40\" height=\"40\" \/><\/a><\/h6>\n<p style=\"text-align: center;\">David Guez est artiste et auteur.<\/p>\n<p style=\"text-align: center;\">Il r\u00e9alise des projets dont les deux moteurs fondamentaux sont :<br \/>La notion de \u00ab\u00a0lien\u00a0\u00bb : lien social, lien entre les diff\u00e9rents m\u00e9diums et entre les diff\u00e9rentes pratiques, lien associ\u00e9 \u00e0 une id\u00e9e de l&rsquo;alt\u00e9rit\u00e9 o\u00f9 les nouvelles technologies seraient le moyen d&rsquo;\u00e9changer avec l&rsquo;autre.<\/p>\n<p style=\"text-align: center;\">La notion de \u00ab\u00a0public\u00a0\u00bb, au sens le plus ouvert du terme : \u00ab\u00a0un art ouvert et disponible \u00e0 tous les publics\u00a0\u00bb et au sens politique et social : \u00ab\u00a0un art qui questionne les libert\u00e9s publiques et intimes et qui propose des alternatives\u00a0\u00bb.<\/p>\n<p style=\"text-align: center;\">Ces deux approches lui ont permis d&rsquo;inventer des \u00ab\u00a0objets\u00a0\u00bb et des \u00ab\u00a0matrices\u00a0\u00bb qui questionnent des sujets contemporains et leurs liens avec les nouvelles technologies. Il s\u2019agit de th\u00e8mes aussi vari\u00e9s que les m\u00e9dias libres, les sciences, la psychanalyse, le rapport au temps, les usages collaboratifs de l\u2019internet, les probl\u00e8mes d\u2019identit\u00e9, de pertes de libert\u00e9 et les questions d\u2019archivage.<\/p>\n<p style=\"text-align: center;\">Parmi ses derniers projets, une maison d&rsquo;\u00e9dition ind\u00e9pendante, Une Intelligence Artificielle Collective qui lutte avec les IA de google &amp; Facebook, Une crypto monnaie temporelle dont le temps est la base d&rsquo;\u00e9change, une plateforme web ind\u00e9pendante d&rsquo;artistes et d&rsquo;auteurs, un casque de r\u00e9alit\u00e9 virtuel connect\u00e9 au cerveau. <span style=\"font-size: 14px; text-align: left;\">Ces projets sont pr\u00e9sent\u00e9s en France et \u00e0 l&rsquo;\u00e9tranger dans des centres d&rsquo;art ou festivals (Centre Pompidou, Jeu de paume, Gai\u00e9t\u00e9 Lyrique&#8230;)<\/span><\/p>\n<hr \/>\n<h2>\u00a0<\/h2>\n<h2 style=\"text-align: center;\"><strong>Entretien<\/strong><\/h2>\n<p style=\"text-align: center;\">\n[\/et_pb_text][et_pb_text admin_label=\u00a0\u00bbTexte\u00a0\u00bb _builder_version=\u00a0\u00bb4.0.11&Prime; background_size=\u00a0\u00bbinitial\u00a0\u00bb background_position=\u00a0\u00bbtop_left\u00a0\u00bb background_repeat=\u00a0\u00bbrepeat\u00a0\u00bb custom_margin=\u00a0\u00bb1px||||false|false\u00a0\u00bb border_color_all=\u00a0\u00bb#bababa\u00a0\u00bb]<\/p>\n<p><iframe loading=\"lazy\" title=\"portrait david guez\" width=\"1080\" height=\"608\" src=\"https:\/\/www.youtube.com\/embed\/DxS9MxogjHE?feature=oembed\" frameborder=\"0\" allow=\"accelerometer; autoplay; clipboard-write; encrypted-media; gyroscope; picture-in-picture; web-share\" referrerpolicy=\"strict-origin-when-cross-origin\" allowfullscreen><\/iframe><\/p>\n<p>[\/et_pb_text][et_pb_text _builder_version=\u00a0\u00bb4.0.11&Prime; background_size=\u00a0\u00bbinitial\u00a0\u00bb background_position=\u00a0\u00bbtop_left\u00a0\u00bb background_repeat=\u00a0\u00bbrepeat\u00a0\u00bb custom_padding=\u00a0\u00bb||0px|||\u00a0\u00bb]<\/p>\n<hr \/>\n<h2 style=\"text-align: center;\">\u00a0<\/h2>\n<h2 style=\"text-align: center;\"><strong>M\u00e9dias\/Presse<\/strong><\/h2>\n<p style=\"text-align: center;\"><a href=\"http:\/\/www.guez.org\/bio\/presse-2016-2024.pdf\" target=\"_blank\" rel=\"attachment noopener wp-att-120\">Derniers articles &#8211;&gt;<\/a><\/p>\n<p style=\"text-align: center;\"><a href=\"https:\/\/www.guez.org\/bio\/presse-1999-2015.pdf\" target=\"_blank\" rel=\"attachment noopener wp-att-121\">Presse-1999-2015 &#8211;&gt;<\/a><\/p>\n<p style=\"text-align: center;\">[\/et_pb_text][\/et_pb_column][\/et_pb_row][\/et_pb_section][et_pb_section fb_built=\u00a0\u00bb1&Prime; _builder_version=\u00a0\u00bb4.0.11&Prime; custom_margin=\u00a0\u00bb||-83px|||\u00a0\u00bb top_divider_color=\u00a0\u00bb#8300e9&Prime; top_divider_height=\u00a0\u00bb72px\u00a0\u00bb][et_pb_row _builder_version=\u00a0\u00bb4.0.11&Prime; min_height=\u00a0\u00bb2543px\u00a0\u00bb custom_margin=\u00a0\u00bb-67px|auto||auto||\u00a0\u00bb][et_pb_column type=\u00a0\u00bb4_4&Prime; _builder_version=\u00a0\u00bb4.0.11&Prime;][et_pb_text _builder_version=\u00a0\u00bb4.0.11&Prime; background_size=\u00a0\u00bbinitial\u00a0\u00bb background_position=\u00a0\u00bbtop_left\u00a0\u00bb background_repeat=\u00a0\u00bbrepeat\u00a0\u00bb custom_margin=\u00a0\u00bb-57px|||||\u00a0\u00bb]<\/p>\n<hr \/>\n<h2 style=\"text-align: center;\"><strong><\/strong><\/h2>\n<h2 style=\"text-align: center;\"><strong><\/strong><\/h2>\n<h2 style=\"text-align: center;\"><strong>Oeuvres<\/strong><\/h2>\n<p>[\/et_pb_text][et_pb_blog fullwidth=\u00a0\u00bboff\u00a0\u00bb posts_number=\u00a0\u00bb40&Prime; include_categories=\u00a0\u00bb3&Prime; show_author=\u00a0\u00bboff\u00a0\u00bb show_date=\u00a0\u00bboff\u00a0\u00bb show_categories=\u00a0\u00bboff\u00a0\u00bb _builder_version=\u00a0\u00bb4.0.11&Prime;][\/et_pb_blog][et_pb_text _builder_version=\u00a0\u00bb4.0.11&Prime; background_size=\u00a0\u00bbinitial\u00a0\u00bb background_position=\u00a0\u00bbtop_left\u00a0\u00bb background_repeat=\u00a0\u00bbrepeat\u00a0\u00bb]<\/p>\n<p>&nbsp;<\/p>\n<hr \/>\n<h2 style=\"text-align: center;\"><strong><br \/>Derni\u00e8res Parutions<\/strong><\/h2>\n<p>&nbsp;<\/p>\n<h3 style=\"text-align: center;\"><strong><a href=\"http:\/\/lachambreverte.sumupstore.com\" target=\"_blank\" rel=\"noopener\">Le Collectif<\/a><br \/><\/strong><em style=\"font-size: 16px;\">aux \u00e9ditions de la chambre verte<\/em><\/h3>\n<h3 style=\"text-align: center;\"><a href=\"http:\/\/theoriem.guez.org\" target=\"_blank\" rel=\"noopener\"><strong>Th\u00e9orie M<\/strong><\/a><br \/><em style=\"font-size: 16px;\">aux \u00e9ditions \u00ab\u00a0Le collectif\u00a0\u00bb<\/em><\/h3>\n<hr \/>\n<h2 style=\"text-align: center;\"><strong style=\"color: #333333; font-size: 26px; text-align: center;\"><br \/>Derni\u00e8res Expositions<\/strong><\/h2>\n<p style=\"text-align: center;\">HPJO2024, Hors Piste, Centre Pompidou, Janvier 2024<br \/>1heure.net, Centre Rosa Bonheur, Nuit Blanche, Juin 2023<br \/>Disque Dur papier, Colloque, Bordeaux, Juin 2023<br \/>St\u00e8les Binaires, Esam, Caen, Mai 2023<br \/>Projet \u00ab\u00a01heure\u00a0\u00bb, Exposition &lsquo;C&rsquo;\u00e9tait trop Beau\u00a0\u00bb, Janv 2023, Ivry.Seine.<br \/>Capsule 2067, Galerie Plateforme, Paris, Octobre 2022, Paris.<br \/><strong>Le Collectif, Lit sonore, Festival d&rsquo;Auteuil, Sept 2022, Auteuil.<br \/>St\u00e8les Binaires, <a href=\"https:\/\/www.espacemultimediagantner.cg90.net\/?post_type=exposition&amp;p=3964\" target=\"_blank\" rel=\"noopener noreferrer\">Exposition Constellations #2<\/a>, Mai 2021, Montb\u00e9lliard.<br \/><\/strong>MYOWNDOCUMENTA.ART, Sept 2020, Galerie Plateforme, Paris.<br \/><span style=\"font-size: 14px;\">MYOWNDOCUMENTA.ART, Sept 2020, Festival d&rsquo;Auteuil, Auteuil, France.<br \/><\/span>MYOWNDOCUMENTA.ART, Aout 2020, Festival 47, Brosses, France.<br \/><span style=\"font-size: 14px;\">DISQUE DUR PAPIER \u2018I LOVE YOU\u2019, Oeuvre collective \u2018<\/span><a style=\"font-size: 14px;\" href=\"https:\/\/space.harddiskmuseum.com\/repository\/david-guez\/?fbclid=IwAR0d_1VOAQYDasA8aSS_0XScLfPVIq_USZX4nMoiEF-vsR0PrSs0N9cv3io\">Harddiskmuseum<\/a><span style=\"font-size: 14px;\">\u2018, Nov 2019, EP7, Paris<br \/><\/span><span style=\"font-size: 14px;\">LEVITATION, BANFF SUMMIT, Nov 2019, Banff, Canada.<br \/><\/span>Exposition Levitation, Festival VIFF, Vancouvers, sept 2019<br \/>STELE BINAIRE \u00ab\u00a0MOON\u00a0\u00bb, Expo COSMOS, 13 avril-20 juillet 2019, Espace Gantner, France.<br \/>BOURSE DICREAM, Projet MNAOMAI.<br \/>Levitation, LAVAL VIRTUEL, Mars 2019<br \/>Kronos, conf\u00e9rence, La gai\u00e9t\u00e9 Lyrique, New kids on the blockchain, F\u00e9vrier 2019<br \/>Radio 2069, Centre Pompidou, F\u00e9vrier 2019<br \/>Exposition tel 2067 et Radio 2067, Maison Guerlain, Paris, Octobre-Nov 2018<br \/>Exposition S\u00e9rie 2067, Le Zinc, Chronique 2018, Marseille, octobre 2018<br \/>Exposition Radio 2067, Espace Caussimon, Octobre 2018.<br \/>Exposition Levitation, Futur.e.s, La villette, Paris, Juin 2018.<br \/>Exposition Levitation, IX Symposium, la S.A.T, Montr\u00e9al, Mai 2018.<br \/>Exposition Levitation, Festival ZERO1, La rochelle, Avril 2018<br \/>Conf\u00e9rence sur Levitation, Ecole du Louvre, Paris, Mars 2018<br \/>Exposition \u201cLEVITATION\u201d au festival b3, Francfort, Allemagne, nov 2018<br \/>Conf\u00e9rence Paris 8, Seine St Denis, Oct 2017.<br \/>Pr\u00e9sentation projet ELIOT, Op\u00e9ra Bastille, Sept 2017.<br \/>Exposition Disque Dur Papier, Time, Soci\u00e9t\u00e9, Bruxelles, Sept 2017<\/p>\n<p>&nbsp;<\/p>\n<p style=\"text-align: center;\"><a href=\"https:\/\/guez.org\/davidguez\/index.php\/expositions\/\">La suite &#8230;<\/a><\/p>\n<p>&nbsp;<\/p>\n<div id=\"gtx-trans\" style=\"position: absolute; left: 176px; top: 260.804px;\">\n<div class=\"gtx-trans-icon\">\u00a0<\/div>\n<\/div>\n<p>[\/et_pb_text][et_pb_divider _builder_version=\u00a0\u00bb4.0.11&Prime;][\/et_pb_divider][\/et_pb_column][\/et_pb_row][\/et_pb_section][et_pb_section fb_built=\u00a0\u00bb1&Prime; _builder_version=\u00a0\u00bb4.0.11&Prime; min_height=\u00a0\u00bb105px\u00a0\u00bb custom_padding=\u00a0\u00bb0px|||||\u00a0\u00bb][et_pb_row _builder_version=\u00a0\u00bb4.0.11&Prime;][et_pb_column type=\u00a0\u00bb4_4&Prime; _builder_version=\u00a0\u00bb4.0.11&Prime;][\/et_pb_column][\/et_pb_row][et_pb_row _builder_version=\u00a0\u00bb4.0.11&Prime;][et_pb_column type=\u00a0\u00bb4_4&Prime; _builder_version=\u00a0\u00bb4.0.11&Prime;][et_pb_divider _builder_version=\u00a0\u00bb4.0.11&Prime;][\/et_pb_divider][\/et_pb_column][\/et_pb_row][\/et_pb_section]<\/p>\n","protected":false},"excerpt":{"rendered":"<p>[et_pb_section fb_built=\u00a0\u00bb1&Prime; _builder_version=\u00a0\u00bb3.22&Prime; min_height=\u00a0\u00bb98px\u00a0\u00bb][et_pb_row _builder_version=\u00a0\u00bb3.25&Prime; background_size=\u00a0\u00bbinitial\u00a0\u00bb background_position=\u00a0\u00bbtop_left\u00a0\u00bb background_repeat=\u00a0\u00bbrepeat\u00a0\u00bb min_height=\u00a0\u00bb1441.7px\u00a0\u00bb custom_margin=\u00a0\u00bb-46px|auto||auto||\u00a0\u00bb][et_pb_column type=\u00a0\u00bb4_4&Prime; _builder_version=\u00a0\u00bb3.25&Prime; custom_padding=\u00a0\u00bb|||\u00a0\u00bb custom_padding__hover=\u00a0\u00bb|||\u00a0\u00bb][et_pb_text admin_label=\u00a0\u00bbTexte\u00a0\u00bb _builder_version=\u00a0\u00bb4.0.11&Prime; background_size=\u00a0\u00bbinitial\u00a0\u00bb background_position=\u00a0\u00bbtop_left\u00a0\u00bb background_repeat=\u00a0\u00bbrepeat\u00a0\u00bb hover_enabled=\u00a0\u00bb0&Prime;] Pr\u00e9sentation pdf fr &#8211; pdf en David Guez est artiste et auteur. Il r\u00e9alise des projets dont les deux moteurs fondamentaux sont :La notion de \u00ab\u00a0lien\u00a0\u00bb : lien social, lien entre les diff\u00e9rents m\u00e9diums et [&hellip;]<\/p>\n","protected":false},"author":1,"featured_media":0,"parent":0,"menu_order":4,"comment_status":"closed","ping_status":"closed","template":"","meta":{"_et_pb_use_builder":"on","_et_pb_old_content":"<!-- wp:paragraph -->\r\n<p>Ceci est une page d\u2019exemple. C\u2019est diff\u00e9rent d\u2019un article de blog parce qu\u2019elle restera au m\u00eame endroit et appara\u00eetra dans la navigation de votre site (dans la plupart des th\u00e8mes). La plupart des gens commencent par une page \u00ab\u00a0\u00c0 propos\u00a0\u00bb qui les pr\u00e9sente aux visiteurs du site. Cela pourrait ressembler \u00e0 quelque chose comme cela\u00a0:<\/p>\r\n<!-- \/wp:paragraph -->\r\n\r\n<!-- wp:quote -->\r\n<blockquote class=\"wp-block-quote\"><p>Bonjour\u00a0! Je suis un m\u00e9canicien qui aspire \u00e0 devenir acteur, et voici mon site. J\u2019habite \u00e0 Bordeaux, j\u2019ai un super chien baptis\u00e9 Russell, et j\u2019aime la vodka-ananas (ainsi qu\u2019\u00eatre surpris par la pluie soudaine lors de longues balades sur la plage au coucher du soleil).<\/p><\/blockquote>\r\n<!-- \/wp:quote -->\r\n\r\n<!-- wp:paragraph -->\r\n<p>... ou quelque chose comme cela\u00a0:<\/p>\r\n<!-- \/wp:paragraph -->\r\n\r\n<!-- wp:quote -->\r\n<blockquote class=\"wp-block-quote\"><p>La soci\u00e9t\u00e9 123 Machin Truc a \u00e9t\u00e9 cr\u00e9\u00e9e en 1971, et n\u2019a cess\u00e9 de proposer au public des machins-trucs de qualit\u00e9 depuis lors. Situ\u00e9e \u00e0 Saint-Remy-en-Bouzemont-Saint-Genest-et-Isson, 123 Machin Truc emploie 2 000 personnes, et fabrique toutes sortes de bidules super pour la communaut\u00e9 bouzemontoise.<\/p><\/blockquote>\r\n<!-- \/wp:quote -->\r\n\r\n<!-- wp:paragraph -->\r\n<p>En tant que nouvel\u00b7le utilisateur ou utilisatrice de WordPress, vous devriez vous rendre sur <a href=\"http:\/\/guez.org\/davidguez\/wp-admin\/\">votre tableau de bord<\/a> pour supprimer cette page et cr\u00e9er de nouvelles pages pour votre contenu. Amusez-vous bien\u00a0!<\/p>\r\n<!-- \/wp:paragraph -->"},"_links":{"self":[{"href":"http:\/\/guez.org\/davidguez\/index.php\/wp-json\/wp\/v2\/pages\/2"}],"collection":[{"href":"http:\/\/guez.org\/davidguez\/index.php\/wp-json\/wp\/v2\/pages"}],"about":[{"href":"http:\/\/guez.org\/davidguez\/index.php\/wp-json\/wp\/v2\/types\/page"}],"author":[{"embeddable":true,"href":"http:\/\/guez.org\/davidguez\/index.php\/wp-json\/wp\/v2\/users\/1"}],"replies":[{"embeddable":true,"href":"http:\/\/guez.org\/davidguez\/index.php\/wp-json\/wp\/v2\/comments?post=2"}],"version-history":[{"count":100,"href":"http:\/\/guez.org\/davidguez\/index.php\/wp-json\/wp\/v2\/pages\/2\/revisions"}],"predecessor-version":[{"id":809,"href":"http:\/\/guez.org\/davidguez\/index.php\/wp-json\/wp\/v2\/pages\/2\/revisions\/809"}],"wp:attachment":[{"href":"http:\/\/guez.org\/davidguez\/index.php\/wp-json\/wp\/v2\/media?parent=2"}],"curies":[{"name":"wp","href":"https:\/\/api.w.org\/{rel}","templated":true}]}}