{"id":91,"date":"2020-06-22T14:13:45","date_gmt":"2020-06-22T12:13:45","guid":{"rendered":"http:\/\/guez.org\/davidguez\/?page_id=91"},"modified":"2021-04-17T09:51:13","modified_gmt":"2021-04-17T07:51:13","slug":"expositions","status":"publish","type":"page","link":"https:\/\/guez.org\/davidguez\/index.php\/expositions\/","title":{"rendered":"Expositions"},"content":{"rendered":"\r\n<h2>\u00a0<\/h2>\r\n\r\n\r\n\r\n<p>St\u00e8les binaires, Exposition <a href=\"https:\/\/www.espacemultimediagantner.cg90.net\/?post_type=exposition&amp;p=3964\" target=\"_blank\" rel=\"noopener noreferrer\">Constellation #2<\/a>, mai 2021, Espace Ganter<br \/>MYOWNDOCUMENTA.ART, Sept 2020, Galerie Plateforme.<br \/>MYOWNDOCUMENTA.ART, Sept 2020, Festival d\u2019Auteuil, France.<br \/>MYOWNDOCUMENTA.ART, Aout 2020, Festival 47, Brosses, France.<br \/>DISQUE DUR PAPIER \u2018I LOVE YOU\u2019, Oeuvre collective \u2018<a href=\"https:\/\/space.harddiskmuseum.com\/repository\/david-guez\/?fbclid=IwAR0d_1VOAQYDasA8aSS_0XScLfPVIq_USZX4nMoiEF-vsR0PrSs0N9cv3io\">Harddiskmuseum<\/a>\u2018, Nov 2019, EP7, Paris<br \/>LEVITATION, BANFF SUMMIT, Nov 2019, Banff, Canada.<br \/>Exposition Levitation, Festival VIFF, Vancouvers, sept 2019<br \/>STELE BINAIRE \u00ab\u00a0MOON\u00a0\u00bb, Expo COSMOS, 13 avril-20 juillet 2019, Espace Gantner, France.<br \/>BOURSE DICREAM, Projet MNAOMAI.<br \/>Levitation, LAVAL VIRTUEL, Mars 2019<br \/>Kronos, conf\u00e9rence, La gai\u00e9t\u00e9 Lyrique, New kids on the blockchain, F\u00e9vrier 2019<br \/>Radio 2069, Centre Pompidou, F\u00e9vrier 2019<br \/>Exposition tel 2067 et Radio 2067, Maison Guerlain, Paris, Octobre-Nov 2018<br \/>Exposition S\u00e9rie 2067, Le Zinc, Chronique 2018, Marseille, octobre 2018<br \/>Exposition Radio 2067, Espace Caussimon, Octobre 2018.<br \/>Exposition Levitation, Futur.e.s, La villette, Paris, Juin 2018.<br \/>Exposition Levitation, IX Symposium, la S.A.T, Montr\u00e9al, Mai 2018.<br \/>Exposition Levitation, Festival ZERO1, La rochelle, Avril 2018<br \/>Conf\u00e9rence sur Levitation, Ecole du Louvre, Paris, Mars 2018<br \/>Exposition \u201cLEVITATION\u201d au festival b3, Francfort, Allemagne, nov 2018<br \/>Conf\u00e9rence Paris 8, Seine St Denis, Oct 2017.<br \/>Pr\u00e9sentation projet ELIOT, Op\u00e9ra Bastille, Sept 2017.<br \/>Exposition Disque Dur Papier, Time, Soci\u00e9t\u00e9, Bruxelles, Sept 2017<\/p>\r\n\r\n\r\n\r\n<p>DISQUE DUR PAPIER \u2018I LOVE YOU\u2019, Oeuvre collective \u2018<a href=\"https:\/\/space.harddiskmuseum.com\/repository\/david-guez\/?fbclid=IwAR0d_1VOAQYDasA8aSS_0XScLfPVIq_USZX4nMoiEF-vsR0PrSs0N9cv3io\">Harddiskmuseum<\/a>\u2018, Nov 2019, EP7, Paris<br \/>LEVITATION, BANFF SUMMIT, Nov 2019, Banff, Canada.<br \/>Exposition Levitation, Festival VIFF, Vancouvers, sept 2019<br \/>STELE BINAIRE \u00ab\u00a0MOON\u00a0\u00bb, Expo COSMOS, 13 avril-20 juillet 2019, Espace Gantner, France.<br \/>BOURSE DICREAM, Projet MNAOMAI.<br \/>Levitation, LAVAL VIRTUEL, Mars 2019<br \/>Kronos, conf\u00e9rence, La gai\u00e9t\u00e9 Lyrique, New kids on the blockchain, F\u00e9vrier 2019<br \/>Radio 2069, Centre Pompidou, F\u00e9vrier 2019<br \/>Exposition tel 2067 et Radio 2067, Maison Guerlain, Paris, Octobre-Nov 2018<br \/>Exposition S\u00e9rie 2067, Le Zinc, Chronique 2018, Marseille, octobre 2018<br \/>Exposition Radio 2067, Espace Caussimon, Octobre 2018.<br \/>Exposition Levitation, Futur.e.s, La villette, Paris, Juin 2018.<br \/>Exposition Levitation, IX Symposium, la S.A.T, Montr\u00e9al, Mai 2018.<br \/>Exposition Levitation, Festival ZERO1, La rochelle, Avril 2018<br \/>Conf\u00e9rence sur Levitation, Ecole du Louvre, Paris, Mars 2018<br \/>Exposition \u201cLEVITATION\u201d au festival b3, Francfort, Allemagne, nov 2018<br \/>Conf\u00e9rence Paris 8, Seine St Denis, Oct 2017.<br \/>Pr\u00e9sentation projet ELIOT, Op\u00e9ra Bastille, Sept 2017.<br \/>Exposition Disque Dur Papier, Time, Soci\u00e9t\u00e9, Bruxelles, Sept 2017.<br \/>Exposition Levitation, Coll\u00e8ge des Bernardins, Paris, France, D\u00e9c 2017<br \/>S\u00e9rie 2067, Philonum, Centre Pompidou, Paris, Janv 2017<br \/>Kronos, Centre d\u2019art I<a href=\"http:\/\/www.imal.org\/\">MA<\/a>L\/ Belgique, Nov 2017<br \/>Kronos s\u00e9lectionn\u00e9 pour le\u00a0<a href=\"http:\/\/rixc.org\/en\/festival\/\">Ricx Festival<\/a>, sept 2016<br \/>Exposition <a href=\"http:\/\/levitation.vrlab.fr\/\">Levitation\u00a0<\/a>\/ Cor\u00e9e, Aout 2016<br \/><a href=\"http:\/\/www.hostanartist.com\/\">Hostanartist<\/a>, festival\u00a0<a href=\"http:\/\/nice-europe.eu\/award\/shortlist-2016\/\">N.I.C.E\u00a0<\/a>\/ Allemagne, Aout 2016<br \/>Bourse de production CNC-DICREAM pour Levitation \u2013 Vrlab, Juillet 2016<br \/>Projet KRONOS S\u00e9lectionn\u00e9 \u00e0 ISEA 2016, mai 2016<br \/>LEVIATION, Festival Les bains num\u00e9riques &amp; festival H\u00e9misph\u00e8re, Enghiens, avril\/juillet 2016.<br \/>Festival Anachronisme, Espace Gantner, Montb\u00e9liard, avril 2016<br \/>S\u00e9rie 2067, Festival Les bains num\u00e9riques, Maison des arts D\u2019Enghiens les bains, avril\/mai 2016<br \/>Exposition Levitation, Festival Exit, Maison des arts de Cr\u00e9teil, Avril 2016<br \/>Email 2067,Centre Pompidou, Mars 2016<br \/>Festival \u00ab\u00a0Entrevues\u00a0\u00bb, Belfort, D\u00e9c 2015.<br \/>Festival \u00ab\u00a0Vita nova\u00a0\u00bb, Paris, Sept 2015.<br \/>S\u00e9rie 2067, Festival \u00ab\u00a0Science de l&rsquo;art\u00a0 en Essonne\u00a0\u00bb, Juvisy sur Orge, Nov 2015.<br \/>Cam\u00e9ra 2067, Festival \u00ab\u00a0ISEA 2015\u00a0\u00bb, Vancouver, Canada, Ao\u00fbt 2015.<br \/>Expostion \u00ab\u00a0R\u00e9alit\u00e9 virtuelle &amp; Cerveaux connect\u00e9s\u00a0\u00bb, Lab institut Google, Paris, Mai 2015.<br \/>Exposition Anachronism, Centre Imal, Bruxelles, Belgique, Avril 2015.<br \/>Expostion \u00ab\u00a0R\u00e9alit\u00e9 virtuelle, Art et Alt\u00e9rit\u00e9\u00a0\u00bb, Lab institut Google, Paris, Mars 2015.<br \/>Exposition \u00ab\u00a0Vrlab, art et r\u00e9alit\u00e9 virtuelle\u00a0\u00bb,\u00a0 Gait\u00e9 lyrique, Nov 2015.<br \/>Festival \u00ab\u00a0ISEA 2014\u00a0\u00bb, Duba\u00ef, \u00c9mirats arabes unis, Oct 2014.<br \/>Exposition personnelle, Festival \u00ab\u00a0Chemins Electroniques\u00a0\u00bb, Acce(s), Pau, Mai 2014.<br \/>Festival \u00ab\u00a0Empreintes Num\u00e9riques\u00a0\u00bb, Toulouse, Avril 2014.<br \/>Exposition collective \u00ab\u00a0Manifeste degr\u00e9 48\u00a0\u00bb, Les labos D&rsquo;aubervilliers, Aubervillers, Nov 2013.<br \/>Festival \u00ab\u00a0Show Off\u00a0\u00bb, Fiac, , Espace Cardin, Paris, Oct 2013.<br \/>Exposition personelle, Maison Populaire, Montreuil, Sept-D\u00e9c 2013.<br \/>Exposition \u00ab\u00a0Rencontres Frasq\u00a0\u00bb, Le G\u00e9n\u00e9rateur, Gentilly, Oct 2013.<br \/>Festival \u00ab\u00a0Declic\u00a0\u00bb, Nanterre, Oct 2013.<br \/>Exposition Humanp\u00e9dia, Jeu de Paume, Paris, Avril 2013.<br \/>Exposition collective, Galerie de Roussan, Paris, Mai 2013.<\/p>\r\n\r\n\r\n\r\n<p>Festival \u00ab\u00a0Moments D&rsquo;inventions\u00a0\u00bb, Nancy, Mai 2013.<\/p>\r\n\r\n\r\n\r\n<p>Festival \u00ab\u00a0Zonedream\u00a0\u00bb, Gait\u00e9 Lyrique, Paris, Mai 2013.<\/p>\r\n\r\n\r\n\r\n<p>Festival \u00ab\u00a0Bouillant #5\u00a0\u00bb, Rennes, Avril\/Mai 2013.<\/p>\r\n\r\n\r\n\r\n<p>Festival \u00ab\u00a0Hors pistes\u00a0\u00bb, Centre Pompidou, Janv-F\u00e9v 2013.<\/p>\r\n\r\n\r\n\r\n<p>Festival \u00ab\u00a0Show off\u00a0\u00bb, La Fiac, Paris, Oct 2012.<\/p>\r\n\r\n\r\n\r\n<p>Exposition \u00ab\u00a0La nuit des mus\u00e9es\u00a0\u00bb, Mus\u00e9e des beaux arts de Nantes, Juin 2012.<\/p>\r\n\r\n\r\n\r\n<p>Festival \u00ab\u00a0DigitalChoc\u00a0\u00bb, Institut franco-japonais, Tokyo, Juin 2012.<\/p>\r\n\r\n\r\n\r\n<p>Festival \u201cGouter l&rsquo;avenir\u201d, Henin Beaumont, Juin 2012.<\/p>\r\n\r\n\r\n\r\n<p>Exposition \u00ab\u00a02062\u00a0\u00bb, Gait\u00e9 Lyrique, Paris, Mars 2012.<\/p>\r\n\r\n\r\n\r\n<p>Exposition permanente Horloge 2067, Gait\u00e9 Lyrique, Paris, 2012-2014<\/p>\r\n\r\n\r\n\r\n<p>Exposition Digitale, Le Lieu Multiple, Poitiers, 2011-2012.<\/p>\r\n\r\n\r\n\r\n<p>Expositon personnelle\u00a0: \u201cLe futur nous arrive en m\u00eame temps\u201d, Galerie Plateforme, Paris, Juin 2011.<\/p>\r\n\r\n\r\n\r\n<p>Festival de l&rsquo;Orme, Le Zinc, Marseille, Mars 2011.<\/p>\r\n\r\n\r\n\r\n<p>Festival d&rsquo;Enghiens les bains, Juin 2010.<\/p>\r\n\r\n\r\n\r\n<p>Exposition \u00ab\u00a0le pire n&rsquo;est jamais certain\u00a0\u00bb, Galerie des Beaux-arts de Metz, Mai 2010.<\/p>\r\n\r\n\r\n\r\n<p>Exposition \u00ab\u00a0Lift\u00a0\u00bb, Marseille, Juin 2010.<\/p>\r\n\r\n\r\n\r\n<p>Festival \u00ab\u00a0ISEA2009\u00a0\u00bb, Belfast, Irlande du Nord, Ao\u00fbt 2009.<\/p>\r\n\r\n\r\n\r\n<p>Exposition NextGen Au 104, Paris, Oct 2009.<\/p>\r\n\r\n\r\n\r\n<p>Festival\u00a0 \u00ab Une autre histoire \u00bb, Centre d&rsquo;art de Meudon, F\u00e9v 2009.<\/p>\r\n\r\n\r\n\r\n<p>Festival Espace des Blancs Manteaux, Paris, Nov 2008.<\/p>\r\n\r\n\r\n\r\n<p>Festival \u00ab\u00a0Reality\u00a0\u00bb, Les mondes virtuels, Paris,Nov 2008.<\/p>\r\n\r\n\r\n\r\n<p>Festival \u00ab\u00a0Nuit Num\u00e9rique\u00a0\u00bb, Reims , Oct 2008.<\/p>\r\n\r\n\r\n\r\n<p>Nuit Blanche 2008, Centre Fleury, Barbara Goutte d&rsquo;or, Oct 2008.<\/p>\r\n\r\n\r\n\r\n<p>Production &amp; Exposition projet DOTRED, Centre Pompidou, Paris, Mai 2008.<\/p>\r\n\r\n\r\n\r\n<p>Festival\u00a0 \u00ab\u00a0Vid\u00e9oformes\u00a0\u00bb, Clermont Ferrand, Mars 2008.<\/p>\r\n\r\n\r\n\r\n<p>Performance RG2012, Internet Mon Amour, Centre Pompidou, Paris, F\u00e9v 2008.<\/p>\r\n\r\n\r\n\r\n<p>Exposition Nuit blanche, Hotel d&rsquo;Albret, Paris, Oct 2007.<\/p>\r\n\r\n\r\n\r\n<p>Exposition, 00130gallery, Helsinky, Finland, 2007.<\/p>\r\n\r\n\r\n\r\n<p>Expo Personnelle \u00ab\u00a0XOR\u00a0\u00bb,\u00a0 Galerie de la jeune cr\u00e9ation, Paris, juin 2006.<\/p>\r\n\r\n\r\n\r\n<p>Festival \u00ab\u00a0File\u00a0\u00bb, Br\u00e9sil, 2006<\/p>\r\n\r\n\r\n\r\n<p>Festival \u00ab\u00a0Version&gt;04\u00a0\u00bb , Chicago, USA, 2004.<\/p>\r\n\r\n\r\n\r\n<p>Festival \u00ab\u00a0T-Deus\u00a0\u00bb, Bruxelles, Belgique, Avril 2004.<\/p>\r\n\r\n\r\n\r\n<p>Expo collective, Console, Paris, Avril 2004.<\/p>\r\n\r\n\r\n\r\n<p>Expo \u201cHEROESSE\u201d,Le Hall des\u00a0 Beaux-Arts de Lyon, Lyon, 2001.<\/p>\r\n\r\n\r\n\r\n<p>Expo Collective &#8211; Journal intime de \u00a0\u00bb KIM WINGSENG\u201d, Palais de Tokyo , Paris, 2001.<\/p>\r\n\r\n\r\n\r\n<p>Exposition \u00ab\u00a0les cin\u00e9mas de demain\u00a0\u00bb, Centre Pompidou, Paris, 2001.<\/p>\r\n\r\n\r\n\r\n<p>\u00ab\u00a0Free biennal\u00a0\u00bb, New York, Etats-unis, 2001.<\/p>\r\n\r\n\r\n\r\n<p>Festival \u00ab\u00a0Viper\u00a0\u00bb, B\u00e2le, Suisse, 2000.<\/p>\r\n\r\n\r\n\r\n<p>Festival \u00ab\u00a0international du nouveau cin\u00e9ma &amp; des nouveaux m\u00e9dias\u00a0\u00bb, Montr\u00e9al, 2000.<\/p>\r\n\r\n\r\n\r\n<p>WWVF \u00ab\u00a0world wide video festival\u00a0\u00bb, Amsterdam, 2000.<\/p>\r\n\r\n\r\n\r\n<p>Festival \u00ab\u00a0Net.congestion\u00a0\u00bb, Amsterdam, Pays-Bas, 2000.<\/p>\r\n\r\n\r\n\r\n<p>\u00ab\u00a0European Media art festival\u00a0\u00bb, Osnabruck, Allemagne, 2000.<\/p>\r\n\r\n\r\n\r\n<p>Festival \u00ab\u00a0Version 2000\u00a0\u00bb, Centre pour l&rsquo;image contemporaine, Gen\u00e8ve, Suisse, 2000.<\/p>\r\n\r\n\r\n\r\n<p>Expo collective , Galerie Public, Paris, 1999.<\/p>\r\n\r\n\r\n\r\n<p>Festival \u00ab\u00a0Ouverture 4\u00a0\u00bb,\u00a0 Ch\u00e2teau de Bionnay , 1999.<\/p>\r\n\r\n\r\n\r\n<p>Exposition FIAC 1999, Stand du minist\u00e8re de la Culture, DAP, 1999.<\/p>\r\n\r\n\r\n\r\n<p>Expo collective , TV WONDERLAND, Nuits savoureuses de Belfort, 1999.<\/p>\r\n\r\n\r\n\r\n<p>Expo collective , Performance\/Installation \u00ab\u00a0Cr\u00e8me De Beaut\u00e9 Si j&rsquo;\u00e9tais vous\u00a0\u00bb, Atheneum, Dijon,1999.<\/p>\r\n\r\n\r\n\r\n<p>Exposition personnelle \u201cCr\u00e8me de beaut\u00e9 Si j&rsquo;\u00e9tais vous\u201d, Galerie du Web Bar, Paris, 1999.<\/p>\r\n\r\n\r\n\r\n<p>Exposition personnelle\u00a0 \u201cLes jours me tiennent en sommeil\u201d, Galerie du Web Bar, Paris, 1999.<\/p>\r\n\r\n\r\n\r\n<p>Exposition collective\u00a0 \u00ab\u00a0Les caramels Eden Eden\u00a0\u00bb, Parthenay, 1997.<\/p>\r\n\r\n\r\n\r\n<p><strong>Conf\u00e9rences\/Ateliers<\/strong><\/p>\r\n\r\n\r\n\r\n<p>Conf\u00e9rence Google lab institut, R\u00e9alit\u00e9 virtuelle et alt\u00e9rit\u00e9, Paris, Mars 2015.<\/p>\r\n\r\n\r\n\r\n<p>Conf\u00e9rence, Manifeste degr\u00e9 48, Les labos D&rsquo;aubervilliers, 15 nov\u00a0 2013.<\/p>\r\n\r\n\r\n\r\n<p>Conf\u00e9rence \u00e0 L&rsquo;Institut National de l&rsquo;Audiovisuel, Paris, Avril 2013.<\/p>\r\n\r\n\r\n\r\n<p>WorkShop Beaux arts de Marseille, Mars 2013.<\/p>\r\n\r\n\r\n\r\n<p>Conf\u00e9rence\/Workshop ENSAD PARIS, Mars 2012.<\/p>\r\n\r\n\r\n\r\n<p>Conf\u00e9rence Institut Franco Japonais, F\u00e9vrier 2012.<\/p>\r\n\r\n\r\n\r\n<p>Conf\u00e9rence sur RG2012, Maison des arts de Malakoff, Nov 2008.<\/p>\r\n\r\n\r\n\r\n<p>Conf\u00e9rence Beaux-arts de Lorient, D\u00e9c 2011.<\/p>\r\n\r\n\r\n\r\n<p>Workshop aux Arts-D\u00e9co de Strasbourg, Avril 2010.<\/p>\r\n\r\n\r\n\r\n<p>Conf\u00e9rence \u00e0 L&rsquo;EHESS\/caf\u00e9 des sciences, Paris, F\u00e9v2010.<\/p>\r\n\r\n\r\n\r\n<p>Conf\u00e9rence \u00e0 la Maison des m\u00e9tallos, Futurs en Seine, Paris, Juin 2009.<\/p>\r\n\r\n\r\n\r\n<p>Atelier &amp; conf\u00e9rence, \u00ab\u00a0Festival K3\u00a0\u00bb, Lorient, Mars 2009.<\/p>\r\n\r\n\r\n\r\n<p>Conf\u00e9rence Cit\u00e9 des sciences, La Villette, Paris, D\u00e9c 2008.<\/p>\r\n\r\n\r\n\r\n<p>Conf\u00e9rence festival \u00ab\u00a0UPgrade\u00a0\u00bb, Maison Pop ,Montreuil, Nov 2008.<\/p>\r\n\r\n\r\n\r\n<p>Conf\u00e9rence DotRed, Festival Nuit num\u00e9rique, Reims, Oct 2008.<\/p>\r\n\r\n\r\n\r\n<p>Conf\u00e9rence Ecole sup\u00e9rieure D&rsquo;architecture et d&rsquo;art graphique, Ivry, Oct 2008.<\/p>\r\n\r\n\r\n\r\n<p>Conf\u00e9rence DotRed : Forum des usages coop\u00e9ratifs, Brest, Juillet 2008.<\/p>\r\n\r\n\r\n\r\n<p>Conf\u00e9rence \u00ab\u00a0Le net et l&rsquo;argent : l&rsquo;exp\u00e9rience DotRed\u00a0\u00bb, Le plateau, Frac Ile de France, Juillet 2008.<\/p>\r\n\r\n\r\n\r\n<p>Conf\u00e9rence au Centre Pompidou \u00ab\u00a0DotRed\u00a0\u00bb, Mai 2008.<\/p>\r\n\r\n\r\n\r\n<p>Conf\u00e9rence au Carrefour des possibles, La Fing, Paris, Mai 2008.<\/p>\r\n\r\n\r\n\r\n<p>Conf\u00e9rence sur \u00ab\u00a0Les r\u00e9seaux sociaux\u00a0\u00bb,\u00a0 Vid\u00e9oformes, Clermont-Ferrand, Mars 2008 .<\/p>\r\n\r\n\r\n\r\n<p>Conf\u00e9rence cycle \u00ab\u00a0Internet mon amour\u00a0\u00bb, Centre Pompidou, Paris, F\u00e9v 2008.<\/p>\r\n\r\n\r\n\r\n<p>Pr\u00e9sentation du projet \u00ab 2067\u00bb par Annick Rivoire, BNF, Paris, 2007.<\/p>\r\n\r\n\r\n\r\n<p>Conf\u00e9rence aux Beaux-arts de Dijon, Mars 2004.<br \/>Conf\u00e9rence \u00ab\u00a0Atelier en r\u00e9seau\u00a0\u00bb, Digital Flaherty, New York, Etats-unis, 2001.<br \/>Conf\u00e9rence Preload, St Charles, Paris I, 2000.<br \/>Conf\u00e9rence, Forum des images, Paris, 2000.<br \/>Atelier aux Beaux-arts de Nantes, 1999.<br \/>Conf\u00e9rence, La voix lact\u00e9e, Terres Blanches, Montb\u00e9liard,1998.<br \/>Conf\u00e9rence \u00e0 Acc\u00e8s local, Paris,1998.<br \/>Conf\u00e9rence SAGA &#8211; Art en r\u00e9seaux,Paris,1996.<br \/>Conf\u00e9rence \u00ab\u00a0Le livre des liens\u00a0\u00bb, MILIA,Paris, 1996.<\/p>\r\n\r\n\r\n\r\n<p><strong>Publications<\/strong><\/p>\r\n\r\n\r\n\r\n<p>Revue Cosmos, 2019<\/p>\r\n\r\n\r\n\r\n<p>Revue Neural, Avril 2013 \u2013 Humanpedia, erreur d&rsquo;impression (anglais).<\/p>\r\n\r\n\r\n\r\n<p>Poptronics.fr : s\u00e9rie boot : 10 articles audio : 2010<\/p>\r\n\r\n\r\n\r\n<p>Poptronics.fr : s\u00e9rie nextgen : 12 articles.<\/p>\r\n\r\n\r\n\r\n<p>Livret dotred, 2008, Centre Pompidou.<\/p>\r\n\r\n\r\n\r\n<p>Carte blanche lib\u00e9ration : Lancement de 1400cm3, 2006.<\/p>\r\n\r\n\r\n\r\n<p>Revue Slunk : Xor, l&rsquo;art est un souvenir, 2006.<br \/>Art sc\u00e8nes, num\u00e9ro 13 \u00ab Nous sommes tous notre propre m\u00e9dia \u00bb, 2001.<br \/>Revue Doc(k)s, s\u00e9rie 3\u00a0: Teleweb,\u00a0\u00ab\u00a0nous sommes tous notre propre m\u00e9dia\u00a0\u00bb<br \/>Publication dans la revue POST \u00ab le t\u00e9l\u00e9phone arabe : vers un nouveau m\u00e9dia ? \u00bb,2000.<\/p>\r\n\r\n\r\n\r\n<p><strong>R\u00e9sidences<\/strong><\/p>\r\n\r\n\r\n\r\n<p>R\u00e9sidence au Crane, Chevigny, Juillet 2013.<\/p>\r\n\r\n\r\n\r\n<p>Gait\u00e9 lyrique, 2012 &#8211; R\u00e9sidence de Production sur 1\u00a0 an &#8211; Cr\u00e9ation Horloge 2067.<\/p>\r\n\r\n\r\n\r\n<p>Centre Databaz, Angoul\u00e8me, Juin2010 &#8211; R\u00e9sidence\u00a0 Humanp\u00e9dia.<\/p>\r\n\r\n\r\n\r\n<p>R\u00e9sidence de cr\u00e9ation projet DOTRED, Centre Pompidou, Paris, 2008.<\/p>\r\n\r\n\r\n\r\n<p>Interactive screen. BANFF, Canada, 2001.<\/p>\r\n\r\n\r\n\r\n<p>R\u00e9sidence au CICV, Montb\u00e9liard, 1996.<\/p>\r\n","protected":false},"excerpt":{"rendered":"<p>\u00a0 St\u00e8les binaires, Exposition Constellation #2, mai 2021, Espace GanterMYOWNDOCUMENTA.ART, Sept 2020, Galerie Plateforme.MYOWNDOCUMENTA.ART, Sept 2020, Festival d\u2019Auteuil, France.MYOWNDOCUMENTA.ART, Aout 2020, Festival 47, Brosses, France.DISQUE DUR PAPIER \u2018I LOVE YOU\u2019, Oeuvre collective \u2018Harddiskmuseum\u2018, Nov 2019, EP7, ParisLEVITATION, BANFF SUMMIT, Nov 2019, Banff, Canada.Exposition Levitation, Festival VIFF, Vancouvers, sept 2019STELE BINAIRE \u00ab\u00a0MOON\u00a0\u00bb, Expo COSMOS, 13 avril-20 [&hellip;]<\/p>\n","protected":false},"author":1,"featured_media":0,"parent":0,"menu_order":5,"comment_status":"closed","ping_status":"closed","template":"","meta":{"_et_pb_use_builder":"off","_et_pb_old_content":""},"_links":{"self":[{"href":"https:\/\/guez.org\/davidguez\/index.php\/wp-json\/wp\/v2\/pages\/91"}],"collection":[{"href":"https:\/\/guez.org\/davidguez\/index.php\/wp-json\/wp\/v2\/pages"}],"about":[{"href":"https:\/\/guez.org\/davidguez\/index.php\/wp-json\/wp\/v2\/types\/page"}],"author":[{"embeddable":true,"href":"https:\/\/guez.org\/davidguez\/index.php\/wp-json\/wp\/v2\/users\/1"}],"replies":[{"embeddable":true,"href":"https:\/\/guez.org\/davidguez\/index.php\/wp-json\/wp\/v2\/comments?post=91"}],"version-history":[{"count":6,"href":"https:\/\/guez.org\/davidguez\/index.php\/wp-json\/wp\/v2\/pages\/91\/revisions"}],"predecessor-version":[{"id":458,"href":"https:\/\/guez.org\/davidguez\/index.php\/wp-json\/wp\/v2\/pages\/91\/revisions\/458"}],"wp:attachment":[{"href":"https:\/\/guez.org\/davidguez\/index.php\/wp-json\/wp\/v2\/media?parent=91"}],"curies":[{"name":"wp","href":"https:\/\/api.w.org\/{rel}","templated":true}]}}